{"id":603,"date":"2023-02-08T11:22:21","date_gmt":"2023-02-08T11:22:21","guid":{"rendered":"https:\/\/tagundnachtll.de\/?page_id=603"},"modified":"2026-03-03T09:36:36","modified_gmt":"2026-03-03T09:36:36","slug":"aktionen","status":"publish","type":"page","link":"https:\/\/tagundnachtll.de\/en\/aktionen\/","title":{"rendered":"Activities"},"content":{"rendered":"<p>[et_pb_section fb_built=&#8220;1&#8243; next_background_color=&#8220;#ffffff&#8220; _builder_version=&#8220;4.27.0&#8243; _module_preset=&#8220;default&#8220; background_enable_color=&#8220;off&#8220; use_background_color_gradient=&#8220;on&#8220; background_color_gradient_direction=&#8220;134deg&#8220; background_color_gradient_stops=&#8220;#f0b500 1%|rgba(255,255,255,0.41) 42%|#404041 100%&#8220; background_color_gradient_overlays_image=&#8220;on&#8220; background_image=&#8220;https:\/\/tagundnachtll.de\/wp-content\/uploads\/2022\/07\/zach-reiner-Jwuv9ngb3UE-unsplash-scaled.jpg&#8220; background_position=&#8220;bottom_center&#8220; background_vertical_offset=&#8220;36%&#8220; background_enable_pattern_style=&#8220;on&#8220; background_pattern_style=&#8220;3d-diamonds&#8220; background_pattern_color=&#8220;rgba(255,255,255,0.49)&#8220; background_pattern_size=&#8220;cover&#8220; background_pattern_horizontal_offset=&#8220;-5%&#8220; background_pattern_vertical_offset=&#8220;0%&#8220; background_pattern_blend_mode=&#8220;overlay&#8220; max_width=&#8220;100%&#8220; custom_margin=&#8220;0px||||false|false&#8220; custom_padding=&#8220;||21px||false|false&#8220; bottom_divider_style=&#8220;asymmetric4&#8243; global_module=&#8220;379&#8243; saved_tabs=&#8220;all&#8220; locked=&#8220;off&#8220; global_colors_info=&#8220;{}&#8220;][et_pb_row column_structure=&#8220;1_4,3_4&#8243; _builder_version=&#8220;4.17.4&#8243; _module_preset=&#8220;default&#8220; global_colors_info=&#8220;{}&#8220;][et_pb_column type=&#8220;1_4&#8243; _builder_version=&#8220;4.17.4&#8243; _module_preset=&#8220;default&#8220; global_colors_info=&#8220;{}&#8220;][et_pb_image src=&#8220;https:\/\/tagundnachtll.de\/wp-content\/uploads\/2022\/07\/TuN-Logo.png&#8220; title_text=&#8220;TuN Logo&#8220; _builder_version=&#8220;4.17.4&#8243; _module_preset=&#8220;default&#8220; width_tablet=&#8220;23%&#8220; width_phone=&#8220;44%&#8220; width_last_edited=&#8220;on|desktop&#8220; global_colors_info=&#8220;{}&#8220;][\/et_pb_image][\/et_pb_column][et_pb_column type=&#8220;3_4&#8243; _builder_version=&#8220;4.17.4&#8243; _module_preset=&#8220;default&#8220; global_colors_info=&#8220;{}&#8220;][\/et_pb_column][\/et_pb_row][\/et_pb_section][et_pb_section fb_built=&#8220;1&#8243; _builder_version=&#8220;4.17.4&#8243; _module_preset=&#8220;default&#8220; custom_padding=&#8220;||2px|||&#8220; global_colors_info=&#8220;{}&#8220;][et_pb_row _builder_version=&#8220;4.17.4&#8243; _module_preset=&#8220;default&#8220; custom_margin=&#8220;|auto|-6px|auto||&#8220; custom_padding=&#8220;||17px|||&#8220; global_colors_info=&#8220;{}&#8220;][et_pb_column type=&#8220;4_4&#8243; _builder_version=&#8220;4.17.4&#8243; _module_preset=&#8220;default&#8220; global_colors_info=&#8220;{}&#8220;][et_pb_text _builder_version=&#8220;4.17.4&#8243; _module_preset=&#8220;default&#8220; header_font=&#8220;Zilla Slab Highlight||||||||&#8220; header_font_size=&#8220;60px&#8220; custom_margin=&#8220;-52px||-116px||false|false&#8220; custom_padding=&#8220;||0px||false|false&#8220; global_colors_info=&#8220;{}&#8220;]<\/p>\n<h1 style=\"text-align: center;\">\u00a0Aktionen\u00a0\u00a0<\/h1>\n<p>[\/et_pb_text][\/et_pb_column][\/et_pb_row][et_pb_row _builder_version=&#8220;4.27.0&#8243; _module_preset=&#8220;default&#8220; global_colors_info=&#8220;{}&#8220;][et_pb_column type=&#8220;4_4&#8243; _builder_version=&#8220;4.27.0&#8243; _module_preset=&#8220;default&#8220; global_colors_info=&#8220;{}&#8220;][et_pb_text _builder_version=&#8220;4.17.4&#8243; _module_preset=&#8220;default&#8220; header_5_font=&#8220;Poiret One|700|||||||&#8220; header_5_font_size=&#8220;35px&#8220; custom_margin=&#8220;||-4px|||&#8220; custom_padding=&#8220;||0px|||&#8220; global_colors_info=&#8220;{}&#8220;]<\/p>\n<h5 class=\"tw-data-text tw-text-large tw-ta\" data-placeholder=\"\u00dcbersetzung\" id=\"tw-target-text\" dir=\"ltr\" style=\"text-align: center;\"><span style=\"color: #333333;\">Hier kannst Du dabei sein:<\/span><\/h5>\n<h5 class=\"tw-data-text tw-text-large tw-ta\" data-placeholder=\"\u00dcbersetzung\" dir=\"ltr\" style=\"text-align: center;\"><\/h5>\n<p>[\/et_pb_text][et_pb_gallery gallery_ids=&#8220;778,780,781,782&#8243; posts_number=&#8220;8&#8243; orientation=&#8220;portrait&#8220; show_title_and_caption=&#8220;off&#8220; _builder_version=&#8220;4.27.0&#8243; _module_preset=&#8220;default&#8220; width=&#8220;100%&#8220; height=&#8220;1000px&#8220; custom_margin=&#8220;||-622px|||&#8220; custom_padding=&#8220;||2px|||&#8220; hover_enabled=&#8220;0&#8243; global_colors_info=&#8220;{}&#8220; sticky_enabled=&#8220;0&#8243;][\/et_pb_gallery][\/et_pb_column][\/et_pb_row][\/et_pb_section][et_pb_section fb_built=&#8220;1&#8243; _builder_version=&#8220;4.17.4&#8243; _module_preset=&#8220;default&#8220; custom_padding=&#8220;18px||5px|||&#8220; global_colors_info=&#8220;{}&#8220;][et_pb_row column_structure=&#8220;1_2,1_2&#8243; _builder_version=&#8220;4.17.4&#8243; _module_preset=&#8220;default&#8220; custom_padding=&#8220;||0px|||&#8220; global_colors_info=&#8220;{}&#8220;][et_pb_column type=&#8220;1_2&#8243; _builder_version=&#8220;4.17.4&#8243; _module_preset=&#8220;default&#8220; global_colors_info=&#8220;{}&#8220;][et_pb_text _builder_version=&#8220;4.27.0&#8243; _module_preset=&#8220;default&#8220; header_text_color=&#8220;#870000&#8243; header_3_text_color=&#8220;#870000&#8243; background_color=&#8220;RGBA(255,255,255,0)&#8220; custom_margin=&#8220;||74px|||&#8220; hover_enabled=&#8220;0&#8243; global_colors_info=&#8220;{}&#8220; sticky_enabled=&#8220;0&#8243;]<\/p>\n<h3><strong><em>Street Outreach:<\/em><\/strong><\/h3>\n<p><span>Wir wollen als Christen in der Stadt Pr\u00e4senz zeigen und die Menschen mit Jesus in Ber\u00fchrung bringen. Dazu haben wir einen Stand und geben kostenlos Kaffee, Tee und Kekse an die Leute aus. Wenn Du den Menschen in Landsberg etwas gutes tun und dich selbst herausfordern m\u00f6chtest, deinen Glauben zu teilen, dann sei dabei. Die n\u00e4chsten Termine sind:<\/span><\/p>\n<p><u>Immer Sonntags von 14:30-17:30 am Hellmairplatz:<\/u><strong><br \/>15.03.26<br \/>21.06.26<\/strong><strong><\/strong><\/p>\n<p><b><\/b><\/p>\n<p>[\/et_pb_text][et_pb_text _builder_version=&#8220;4.27.0&#8243; _module_preset=&#8220;default&#8220; header_3_text_color=&#8220;#870000&#8243; background_color=&#8220;RGBA(255,255,255,0)&#8220; custom_margin=&#8220;||74px|||&#8220; global_colors_info=&#8220;{}&#8220;]<\/p>\n<h3><strong><em>Offene Gebetszeiten :<\/em><\/strong><\/h3>\n<p><strong><em><\/em><\/strong><\/p>\n<p><strong style=\"font-size: 14px;\"><em>Donnerstag Vormittags 9-12 Uhr: Harp&amp;Bowl<\/em><\/strong><\/p>\n<p>Wir fangen mit einer halben Stunde Zeit f\u00fcr Kaffee, Tee, Gespr\u00e4che und Gemeinschaft an. Um 9:30 Uhr beginnen wir mit &#8222;Lobpreis mit der Bibel&#8220;. Dabei singen und beten wir Bibelverse mit dem Ziel, Gott in seinem Wort zu erkennen und zu begegnen. Der Zweite Teil ist F\u00fcrbitte f\u00fcr ein vorbereitetes Thema. Dabei verwenden wir biblische Gebete, die uns helfen, mit Gottes Pl\u00e4nen f\u00fcr das Anliegen im Gebet einzustehen. Von 11:30 bis 12:00 Uhr reflektieren wir gemeinsam die Zeit.<strong><em><\/em><\/strong><\/p>\n<p><strong><em> <\/em><\/strong><\/p>\n<p><strong><em><span>Freitag Vormittags 10-12 Uhr: WIP Lobpreis und Gemeinschaft<\/span><br \/><\/em><\/strong>Mit dem WIP Modell (Worship, Intercession, Prophetic) folgen wir als Gruppe der F\u00fchrung des Heiligen Geistes. Dies geschieht meistens anhand von bildlichen Eindr\u00fccken, prophetischen Worten oder Bibelversen, die von einzelnen Mitgliedern geteilt werden. Jedes Mitglied der Gruppe darf sein Puzzleteil hinzuf\u00fcgen um dazu beizutragen, dass die ganze Gruppe die F\u00fchrung Gottes wahrnehmen und umsetzen kann. Diese Zeit ist f\u00fcr alle, denen diese Art des Gebets liegt, oder die in diesem Bereich wachsen m\u00f6chten.<\/p>\n<p>&nbsp;<\/p>\n<h3><strong><em>Offener Abend<\/em><\/strong><\/h3>\n<p>&nbsp;<\/p>\n<p><strong><em><span>Montag Abends 19:30-22 Uhr: Gemeinschaft &amp; Freier Lobpreis<\/span><br \/><\/em><\/strong>Wir wollen an diesen Abenden Zeit f\u00fcr Gemeinschaft und freien Lobpreis im Gebetsraum machen. Dabei ist jeder eingeladen, der in seiner Beziehung zu Jesus wachsen m\u00f6chte. Wir werden auch immer wieder Workshops zu verschiedenen Themen, die uns als Gruppe wichtig sind, anbieten. (Gottes Stimme h\u00f6ren, Prophetie, verschiedene Gebetsformen, WIP, Harp&amp;Bowl, etc.)<\/p>\n<p>[\/et_pb_text][\/et_pb_column][et_pb_column type=&#8220;1_2&#8243; _builder_version=&#8220;4.27.0&#8243; _module_preset=&#8220;default&#8220; global_colors_info=&#8220;{}&#8220;][et_pb_text _builder_version=&#8220;4.27.0&#8243; _module_preset=&#8220;default&#8220; header_3_text_color=&#8220;#870000&#8243; background_color=&#8220;RGBA(255,255,255,0)&#8220; custom_margin=&#8220;||78px|||&#8220; global_colors_info=&#8220;{}&#8220;]<\/p>\n<h3><strong><em>24 Stunden Gebet!<\/em><\/strong><\/h3>\n<p><span>Wir f\u00fcllen den Gebetsraum f\u00fcr 24 Stunden mit Gebet! Jesus ist es Wert, bei Tag und Nacht unsere Aufmerksamkeit und unseren Lobpreis zu bekommen und die Menschen sind es Wert, dass wir in F\u00fcrbitte f\u00fcr sie einstehen. Sei dabei und \u00fcbernimm eine Stunde im Gebetsraum. Daf\u00fcr gibt es die folgenden Termine.:<\/span><br \/><span><strong>Fr\u00fchling:<\/strong> Donnerstag 30.04. &#8211; Freitag 01.05.<\/span><br \/><span>Beginn am Donnerstag, den 30.04.um 9 Uhr im Gebetsraum.<\/span><br \/><span><strong>Herbst:\u00a0<\/strong>Samstag 31.10. &#8211; Sonntag 01.11.<\/span><br \/><span>Beginn am Samstag, den 31.10. um 12 Uhr im Gebetsraum.<\/span><\/p>\n<p><span><\/span><\/p>\n<p><span><\/span><\/p>\n<p><span><\/span><\/p>\n<h3><strong><em>Wholly Ground Kaffeewagen<\/em><\/strong><\/h3>\n<p>Wenn es wieder regelm\u00e4\u00dfige \u00d6ffnungszeiten gibt, findest Du die Termine hier.<\/p>\n<p>[\/et_pb_text][\/et_pb_column][\/et_pb_row][et_pb_row column_structure=&#8220;1_2,1_2&#8243; _builder_version=&#8220;4.17.4&#8243; _module_preset=&#8220;default&#8220; global_colors_info=&#8220;{}&#8220;][et_pb_column type=&#8220;1_2&#8243; _builder_version=&#8220;4.17.4&#8243; _module_preset=&#8220;default&#8220; global_colors_info=&#8220;{}&#8220;][\/et_pb_column][et_pb_column type=&#8220;1_2&#8243; _builder_version=&#8220;4.17.4&#8243; _module_preset=&#8220;default&#8220; global_colors_info=&#8220;{}&#8220;][et_pb_text _builder_version=&#8220;4.27.0&#8243; _module_preset=&#8220;default&#8220; header_text_color=&#8220;#870000&#8243; header_3_text_color=&#8220;#870000&#8243; background_color=&#8220;RGBA(255,255,255,0)&#8220; custom_margin=&#8220;||-19px|||&#8220; global_colors_info=&#8220;{}&#8220;][\/et_pb_text][\/et_pb_column][\/et_pb_row][\/et_pb_section][et_pb_section fb_built=&#8220;1&#8243; fullwidth=&#8220;on&#8220; _builder_version=&#8220;4.17.4&#8243; _module_preset=&#8220;default&#8220; background_image=&#8220;https:\/\/tagundnachtll.de\/wp-content\/uploads\/2022\/07\/joshua-hanks-IbBMEnmlpbI-unsplash-scaled.jpg&#8220; parallax=&#8220;on&#8220; height=&#8220;599px&#8220; global_colors_info=&#8220;{}&#8220;][\/et_pb_section]<\/p>\n","protected":false},"excerpt":{"rendered":"<p>\u00a0Aktionen\u00a0\u00a0Hier kannst Du dabei sein: Street Outreach: Wir wollen als Christen in der Stadt Pr\u00e4senz zeigen und die Menschen mit Jesus in Ber\u00fchrung bringen. Dazu haben wir einen Stand und geben kostenlos Kaffee, Tee und Kekse an die Leute aus. Wenn Du den Menschen in Landsberg etwas gutes tun und dich selbst herausfordern m\u00f6chtest, deinen [&hellip;]<\/p>\n","protected":false},"author":2,"featured_media":0,"parent":0,"menu_order":0,"comment_status":"closed","ping_status":"closed","template":"","meta":{"_et_pb_use_builder":"on","_et_pb_old_content":"","_et_gb_content_width":"","footnotes":""},"class_list":["post-603","page","type-page","status-publish","hentry"],"yoast_head":"<!-- This site is optimized with the Yoast SEO plugin v27.4 - https:\/\/yoast.com\/product\/yoast-seo-wordpress\/ -->\n<title>Aktionen - Gebetshaus Landsberg<\/title>\n<meta name=\"robots\" content=\"index, follow, max-snippet:-1, max-image-preview:large, max-video-preview:-1\" \/>\n<link rel=\"canonical\" href=\"https:\/\/tagundnachtll.de\/en\/aktionen\/\" \/>\n<meta property=\"og:locale\" content=\"en_US\" \/>\n<meta property=\"og:type\" content=\"article\" \/>\n<meta property=\"og:title\" content=\"Aktionen - Gebetshaus Landsberg\" \/>\n<meta property=\"og:description\" content=\"\u00a0Aktionen\u00a0\u00a0Hier kannst Du dabei sein: Street Outreach: Wir wollen als Christen in der Stadt Pr\u00e4senz zeigen und die Menschen mit Jesus in Ber\u00fchrung bringen. Dazu haben wir einen Stand und geben kostenlos Kaffee, Tee und Kekse an die Leute aus. Wenn Du den Menschen in Landsberg etwas gutes tun und dich selbst herausfordern m\u00f6chtest, deinen [&hellip;]\" \/>\n<meta property=\"og:url\" content=\"https:\/\/tagundnachtll.de\/en\/aktionen\/\" \/>\n<meta property=\"og:site_name\" content=\"Gebetshaus Landsberg\" \/>\n<meta property=\"article:modified_time\" content=\"2026-03-03T09:36:36+00:00\" \/>\n<meta name=\"twitter:card\" content=\"summary_large_image\" \/>\n<script type=\"application\/ld+json\" class=\"yoast-schema-graph\">{\"@context\":\"https:\\\/\\\/schema.org\",\"@graph\":[{\"@type\":\"WebPage\",\"@id\":\"https:\\\/\\\/tagundnachtll.de\\\/aktionen\\\/\",\"url\":\"https:\\\/\\\/tagundnachtll.de\\\/aktionen\\\/\",\"name\":\"Aktionen - Gebetshaus Landsberg\",\"isPartOf\":{\"@id\":\"http:\\\/\\\/tagundnachtll.de\\\/#website\"},\"datePublished\":\"2023-02-08T11:22:21+00:00\",\"dateModified\":\"2026-03-03T09:36:36+00:00\",\"breadcrumb\":{\"@id\":\"https:\\\/\\\/tagundnachtll.de\\\/aktionen\\\/#breadcrumb\"},\"inLanguage\":\"en-US\",\"potentialAction\":[{\"@type\":\"ReadAction\",\"target\":[\"https:\\\/\\\/tagundnachtll.de\\\/aktionen\\\/\"]}]},{\"@type\":\"BreadcrumbList\",\"@id\":\"https:\\\/\\\/tagundnachtll.de\\\/aktionen\\\/#breadcrumb\",\"itemListElement\":[{\"@type\":\"ListItem\",\"position\":1,\"name\":\"Home\",\"item\":\"https:\\\/\\\/tagundnachtll.de\\\/\"},{\"@type\":\"ListItem\",\"position\":2,\"name\":\"Aktionen\"}]},{\"@type\":\"WebSite\",\"@id\":\"http:\\\/\\\/tagundnachtll.de\\\/#website\",\"url\":\"http:\\\/\\\/tagundnachtll.de\\\/\",\"name\":\"Gebetshaus Landsberg\",\"description\":\"..\",\"potentialAction\":[{\"@type\":\"SearchAction\",\"target\":{\"@type\":\"EntryPoint\",\"urlTemplate\":\"http:\\\/\\\/tagundnachtll.de\\\/?s={search_term_string}\"},\"query-input\":{\"@type\":\"PropertyValueSpecification\",\"valueRequired\":true,\"valueName\":\"search_term_string\"}}],\"inLanguage\":\"en-US\"}]}<\/script>\n<!-- \/ Yoast SEO plugin. -->","yoast_head_json":{"title":"Aktionen - Gebetshaus Landsberg","robots":{"index":"index","follow":"follow","max-snippet":"max-snippet:-1","max-image-preview":"max-image-preview:large","max-video-preview":"max-video-preview:-1"},"canonical":"https:\/\/tagundnachtll.de\/en\/aktionen\/","og_locale":"en_US","og_type":"article","og_title":"Aktionen - Gebetshaus Landsberg","og_description":"\u00a0Aktionen\u00a0\u00a0Hier kannst Du dabei sein: Street Outreach: Wir wollen als Christen in der Stadt Pr\u00e4senz zeigen und die Menschen mit Jesus in Ber\u00fchrung bringen. Dazu haben wir einen Stand und geben kostenlos Kaffee, Tee und Kekse an die Leute aus. Wenn Du den Menschen in Landsberg etwas gutes tun und dich selbst herausfordern m\u00f6chtest, deinen [&hellip;]","og_url":"https:\/\/tagundnachtll.de\/en\/aktionen\/","og_site_name":"Gebetshaus Landsberg","article_modified_time":"2026-03-03T09:36:36+00:00","twitter_card":"summary_large_image","schema":{"@context":"https:\/\/schema.org","@graph":[{"@type":"WebPage","@id":"https:\/\/tagundnachtll.de\/aktionen\/","url":"https:\/\/tagundnachtll.de\/aktionen\/","name":"Aktionen - Gebetshaus Landsberg","isPartOf":{"@id":"http:\/\/tagundnachtll.de\/#website"},"datePublished":"2023-02-08T11:22:21+00:00","dateModified":"2026-03-03T09:36:36+00:00","breadcrumb":{"@id":"https:\/\/tagundnachtll.de\/aktionen\/#breadcrumb"},"inLanguage":"en-US","potentialAction":[{"@type":"ReadAction","target":["https:\/\/tagundnachtll.de\/aktionen\/"]}]},{"@type":"BreadcrumbList","@id":"https:\/\/tagundnachtll.de\/aktionen\/#breadcrumb","itemListElement":[{"@type":"ListItem","position":1,"name":"Home","item":"https:\/\/tagundnachtll.de\/"},{"@type":"ListItem","position":2,"name":"Aktionen"}]},{"@type":"WebSite","@id":"http:\/\/tagundnachtll.de\/#website","url":"http:\/\/tagundnachtll.de\/","name":"Gebetshaus Landsberg","description":"..","potentialAction":[{"@type":"SearchAction","target":{"@type":"EntryPoint","urlTemplate":"http:\/\/tagundnachtll.de\/?s={search_term_string}"},"query-input":{"@type":"PropertyValueSpecification","valueRequired":true,"valueName":"search_term_string"}}],"inLanguage":"en-US"}]}},"_links":{"self":[{"href":"https:\/\/tagundnachtll.de\/en\/wp-json\/wp\/v2\/pages\/603","targetHints":{"allow":["GET"]}}],"collection":[{"href":"https:\/\/tagundnachtll.de\/en\/wp-json\/wp\/v2\/pages"}],"about":[{"href":"https:\/\/tagundnachtll.de\/en\/wp-json\/wp\/v2\/types\/page"}],"author":[{"embeddable":true,"href":"https:\/\/tagundnachtll.de\/en\/wp-json\/wp\/v2\/users\/2"}],"replies":[{"embeddable":true,"href":"https:\/\/tagundnachtll.de\/en\/wp-json\/wp\/v2\/comments?post=603"}],"version-history":[{"count":4,"href":"https:\/\/tagundnachtll.de\/en\/wp-json\/wp\/v2\/pages\/603\/revisions"}],"predecessor-version":[{"id":997,"href":"https:\/\/tagundnachtll.de\/en\/wp-json\/wp\/v2\/pages\/603\/revisions\/997"}],"wp:attachment":[{"href":"https:\/\/tagundnachtll.de\/en\/wp-json\/wp\/v2\/media?parent=603"}],"curies":[{"name":"wp","href":"https:\/\/api.w.org\/{rel}","templated":true}]}}