{"id":860,"date":"2025-06-27T14:38:25","date_gmt":"2025-06-27T14:38:25","guid":{"rendered":"https:\/\/tagundnachtll.de\/?page_id=860"},"modified":"2025-11-11T08:43:35","modified_gmt":"2025-11-11T08:43:35","slug":"artreach","status":"publish","type":"page","link":"https:\/\/tagundnachtll.de\/en\/artreach\/","title":{"rendered":"Artreach"},"content":{"rendered":"\n[et_pb_section fb_built=&#8220;1&#8243; next_background_color=&#8220;#ffffff&#8220; _builder_version=&#8220;4.27.0&#8243; _module_preset=&#8220;default&#8220; background_enable_color=&#8220;off&#8220; use_background_color_gradient=&#8220;on&#8220; background_color_gradient_direction=&#8220;134deg&#8220; background_color_gradient_stops=&#8220;#f0b500 1%|rgba(255,255,255,0.41) 42%|#404041 100%&#8220; background_color_gradient_overlays_image=&#8220;on&#8220; background_image=&#8220;https:\/\/tagundnachtll.de\/wp-content\/uploads\/2022\/07\/zach-reiner-Jwuv9ngb3UE-unsplash-scaled.jpg&#8220; background_position=&#8220;bottom_center&#8220; background_vertical_offset=&#8220;36%&#8220; background_enable_pattern_style=&#8220;on&#8220; background_pattern_style=&#8220;3d-diamonds&#8220; background_pattern_color=&#8220;rgba(255,255,255,0.49)&#8220; background_pattern_size=&#8220;cover&#8220; background_pattern_horizontal_offset=&#8220;-5%&#8220; background_pattern_vertical_offset=&#8220;0%&#8220; background_pattern_blend_mode=&#8220;overlay&#8220; max_width=&#8220;100%&#8220; custom_margin=&#8220;0px||||false|false&#8220; custom_padding=&#8220;||21px||false|false&#8220; bottom_divider_style=&#8220;asymmetric4&#8243; global_module=&#8220;379&#8243; saved_tabs=&#8220;all&#8220; locked=&#8220;off&#8220; global_colors_info=&#8220;{}&#8220;][et_pb_row column_structure=&#8220;1_4,3_4&#8243; _builder_version=&#8220;4.17.4&#8243; _module_preset=&#8220;default&#8220; global_colors_info=&#8220;{}&#8220;][et_pb_column type=&#8220;1_4&#8243; _builder_version=&#8220;4.17.4&#8243; _module_preset=&#8220;default&#8220; global_colors_info=&#8220;{}&#8220;][et_pb_image src=&#8220;https:\/\/tagundnachtll.de\/wp-content\/uploads\/2022\/07\/TuN-Logo.png&#8220; title_text=&#8220;TuN Logo&#8220; _builder_version=&#8220;4.17.4&#8243; _module_preset=&#8220;default&#8220; width_tablet=&#8220;23%&#8220; width_phone=&#8220;44%&#8220; width_last_edited=&#8220;on|desktop&#8220; global_colors_info=&#8220;{}&#8220;][\/et_pb_image][\/et_pb_column][et_pb_column type=&#8220;3_4&#8243; _builder_version=&#8220;4.17.4&#8243; _module_preset=&#8220;default&#8220; global_colors_info=&#8220;{}&#8220;][\/et_pb_column][\/et_pb_row][\/et_pb_section][et_pb_section fb_built=&#8220;1&#8243; _builder_version=&#8220;4.27.0&#8243; _module_preset=&#8220;default&#8220; global_colors_info=&#8220;{}&#8220;][et_pb_row column_structure=&#8220;1_4,3_4&#8243; _builder_version=&#8220;4.27.0&#8243; _module_preset=&#8220;default&#8220; global_colors_info=&#8220;{}&#8220;][et_pb_column type=&#8220;1_4&#8243; _builder_version=&#8220;4.27.0&#8243; _module_preset=&#8220;default&#8220; global_colors_info=&#8220;{}&#8220;][et_pb_image src=&#8220;https:\/\/tagundnachtll.de\/wp-content\/uploads\/2025\/06\/vector-artreach-1-01.png&#8220; title_text=&#8220;vector artreach 1-01&#8243; _builder_version=&#8220;4.27.0&#8243; _module_preset=&#8220;default&#8220; width=&#8220;100%&#8220; global_colors_info=&#8220;{}&#8220;][\/et_pb_image][\/et_pb_column][et_pb_column type=&#8220;3_4&#8243; _builder_version=&#8220;4.27.0&#8243; _module_preset=&#8220;default&#8220; global_colors_info=&#8220;{}&#8220;][et_pb_text _builder_version=&#8220;4.27.0&#8243; _module_preset=&#8220;default&#8220; global_colors_info=&#8220;{}&#8220;]<p><span>Wir veranstalten verschiedene Aktionen in der Innenstadt, die Menschen herausfordern sollen, \u00fcber die Kernbotschaft des christlichen Glaubens nachzudenken.\u00a0<\/span><span class=\"OYPEnA font-feature-liga-off font-feature-clig-off font-feature-calt-off text-decoration-none text-strikethrough-none\">Bei unseren \u201cArtreach\u201d- Projekten verwenden wir Kunst um tiefe Wahrheiten zu kommunizieren. Bei anderen Projekten, wie dem Kreativgebet m\u00f6chten wir andere ermutigen, selbst kreativ t\u00e4tig zu werden. Denn eine Idee in die Tat umzusetzen ist zutiefst erf\u00fcllend und Sch\u00f6nheit ber\u00fchrt das Herz tiefer, als das beste Argument.<\/span><\/p>[\/et_pb_text][\/et_pb_column][\/et_pb_row][et_pb_row _builder_version=&#8220;4.27.0&#8243; _module_preset=&#8220;default&#8220; global_colors_info=&#8220;{}&#8220;][et_pb_column type=&#8220;4_4&#8243; _builder_version=&#8220;4.27.0&#8243; _module_preset=&#8220;default&#8220; global_colors_info=&#8220;{}&#8220;][et_pb_image src=&#8220;https:\/\/tagundnachtll.de\/wp-content\/uploads\/2025\/09\/432a6434-86f6-400a-8fa9-2d6818b93345.avif&#8220; title_text=&#8220;432a6434-86f6-400a-8fa9-2d6818b93345&#8243; _builder_version=&#8220;4.27.0&#8243; _module_preset=&#8220;default&#8220; global_colors_info=&#8220;{}&#8220;][\/et_pb_image][\/et_pb_column][\/et_pb_row][et_pb_row _builder_version=&#8220;4.27.0&#8243; _module_preset=&#8220;default&#8220; global_colors_info=&#8220;{}&#8220;][et_pb_column type=&#8220;4_4&#8243; _builder_version=&#8220;4.27.0&#8243; _module_preset=&#8220;default&#8220; global_colors_info=&#8220;{}&#8220;][et_pb_text _builder_version=&#8220;4.27.0&#8243; _module_preset=&#8220;default&#8220; hover_enabled=&#8220;0&#8243; global_colors_info=&#8220;{}&#8220; sticky_enabled=&#8220;0&#8243;]<p style=\"text-align: center;\">Wir sind bei der Langen Kunstnacht mit einer interaktiven Kunstinstallation dabei. F\u00fcr Mehr Infos auf den Button klicken.<\/p>[\/et_pb_text][\/et_pb_column][\/et_pb_row][et_pb_row _builder_version=&#8220;4.27.0&#8243; _module_preset=&#8220;default&#8220;][et_pb_column _builder_version=&#8220;4.27.0&#8243; _module_preset=&#8220;default&#8220; type=&#8220;4_4&#8243;][et_pb_button button_text=&#8220;Mehr Infos zur Aktion bei der Langen Kunstnacht&#8220; _builder_version=&#8220;4.27.0&#8243; _module_preset=&#8220;default&#8220; button_alignment=&#8220;center&#8220; hover_enabled=&#8220;0&#8243; sticky_enabled=&#8220;0&#8243; button_url=&#8220;@ET-DC@eyJkeW5hbWljIjp0cnVlLCJjb250ZW50IjoicG9zdF9saW5rX3VybF9wYWdlIiwic2V0dGluZ3MiOnsicG9zdF9pZCI6IjkwNyJ9fQ==@&#8220; _dynamic_attributes=&#8220;button_url&#8220;][\/et_pb_button][\/et_pb_column][\/et_pb_row][\/et_pb_section][et_pb_section fb_built=&#8220;1&#8243; _builder_version=&#8220;4.27.0&#8243; _module_preset=&#8220;default&#8220; global_colors_info=&#8220;{}&#8220;][et_pb_row _builder_version=&#8220;4.27.0&#8243; _module_preset=&#8220;default&#8220; global_colors_info=&#8220;{}&#8220;][et_pb_column type=&#8220;4_4&#8243; _builder_version=&#8220;4.27.0&#8243; _module_preset=&#8220;default&#8220; global_colors_info=&#8220;{}&#8220;][et_pb_gallery gallery_ids=&#8220;865,866,867,868,869,870,871,872,873,874,876,877,878,879,880,881,882,883,884&#8243; fullwidth=&#8220;on&#8220; _builder_version=&#8220;4.27.0&#8243; _module_preset=&#8220;default&#8220; global_colors_info=&#8220;{}&#8220;][\/et_pb_gallery][\/et_pb_column][\/et_pb_row][\/et_pb_section]\n","protected":false},"excerpt":{"rendered":"<p>Wir veranstalten verschiedene Aktionen in der Innenstadt, die Menschen herausfordern sollen, \u00fcber die Kernbotschaft des christlichen Glaubens nachzudenken.\u00a0Bei unseren \u201cArtreach\u201d- Projekten verwenden wir Kunst um tiefe Wahrheiten zu kommunizieren. Bei anderen Projekten, wie dem Kreativgebet m\u00f6chten wir andere ermutigen, selbst kreativ t\u00e4tig zu werden. Denn eine Idee in die Tat umzusetzen ist zutiefst erf\u00fcllend und [&hellip;]<\/p>\n","protected":false},"author":2,"featured_media":0,"parent":0,"menu_order":0,"comment_status":"closed","ping_status":"closed","template":"","meta":{"_et_pb_use_builder":"on","_et_pb_old_content":"","_et_gb_content_width":"","footnotes":""},"class_list":["post-860","page","type-page","status-publish","hentry"],"yoast_head":"<!-- This site is optimized with the Yoast SEO plugin v27.4 - https:\/\/yoast.com\/product\/yoast-seo-wordpress\/ -->\n<title>Artreach - Gebetshaus Landsberg<\/title>\n<meta name=\"robots\" content=\"index, follow, max-snippet:-1, max-image-preview:large, max-video-preview:-1\" \/>\n<link rel=\"canonical\" href=\"https:\/\/tagundnachtll.de\/en\/artreach\/\" \/>\n<meta property=\"og:locale\" content=\"en_US\" \/>\n<meta property=\"og:type\" content=\"article\" \/>\n<meta property=\"og:title\" content=\"Artreach - Gebetshaus Landsberg\" \/>\n<meta property=\"og:description\" content=\"Wir veranstalten verschiedene Aktionen in der Innenstadt, die Menschen herausfordern sollen, \u00fcber die Kernbotschaft des christlichen Glaubens nachzudenken.\u00a0Bei unseren \u201cArtreach\u201d- Projekten verwenden wir Kunst um tiefe Wahrheiten zu kommunizieren. Bei anderen Projekten, wie dem Kreativgebet m\u00f6chten wir andere ermutigen, selbst kreativ t\u00e4tig zu werden. Denn eine Idee in die Tat umzusetzen ist zutiefst erf\u00fcllend und [&hellip;]\" \/>\n<meta property=\"og:url\" content=\"https:\/\/tagundnachtll.de\/en\/artreach\/\" \/>\n<meta property=\"og:site_name\" content=\"Gebetshaus Landsberg\" \/>\n<meta property=\"article:modified_time\" content=\"2025-11-11T08:43:35+00:00\" \/>\n<meta name=\"twitter:card\" content=\"summary_large_image\" \/>\n<meta name=\"twitter:label1\" content=\"Est. reading time\" \/>\n\t<meta name=\"twitter:data1\" content=\"5 minutes\" \/>\n<script type=\"application\/ld+json\" class=\"yoast-schema-graph\">{\"@context\":\"https:\\\/\\\/schema.org\",\"@graph\":[{\"@type\":\"WebPage\",\"@id\":\"https:\\\/\\\/tagundnachtll.de\\\/artreach\\\/\",\"url\":\"https:\\\/\\\/tagundnachtll.de\\\/artreach\\\/\",\"name\":\"Artreach - Gebetshaus Landsberg\",\"isPartOf\":{\"@id\":\"http:\\\/\\\/tagundnachtll.de\\\/#website\"},\"datePublished\":\"2025-06-27T14:38:25+00:00\",\"dateModified\":\"2025-11-11T08:43:35+00:00\",\"breadcrumb\":{\"@id\":\"https:\\\/\\\/tagundnachtll.de\\\/artreach\\\/#breadcrumb\"},\"inLanguage\":\"en-US\",\"potentialAction\":[{\"@type\":\"ReadAction\",\"target\":[\"https:\\\/\\\/tagundnachtll.de\\\/artreach\\\/\"]}]},{\"@type\":\"BreadcrumbList\",\"@id\":\"https:\\\/\\\/tagundnachtll.de\\\/artreach\\\/#breadcrumb\",\"itemListElement\":[{\"@type\":\"ListItem\",\"position\":1,\"name\":\"Home\",\"item\":\"https:\\\/\\\/tagundnachtll.de\\\/\"},{\"@type\":\"ListItem\",\"position\":2,\"name\":\"Artreach\"}]},{\"@type\":\"WebSite\",\"@id\":\"http:\\\/\\\/tagundnachtll.de\\\/#website\",\"url\":\"http:\\\/\\\/tagundnachtll.de\\\/\",\"name\":\"Gebetshaus Landsberg\",\"description\":\"..\",\"potentialAction\":[{\"@type\":\"SearchAction\",\"target\":{\"@type\":\"EntryPoint\",\"urlTemplate\":\"http:\\\/\\\/tagundnachtll.de\\\/?s={search_term_string}\"},\"query-input\":{\"@type\":\"PropertyValueSpecification\",\"valueRequired\":true,\"valueName\":\"search_term_string\"}}],\"inLanguage\":\"en-US\"}]}<\/script>\n<!-- \/ Yoast SEO plugin. -->","yoast_head_json":{"title":"Artreach - Gebetshaus Landsberg","robots":{"index":"index","follow":"follow","max-snippet":"max-snippet:-1","max-image-preview":"max-image-preview:large","max-video-preview":"max-video-preview:-1"},"canonical":"https:\/\/tagundnachtll.de\/en\/artreach\/","og_locale":"en_US","og_type":"article","og_title":"Artreach - Gebetshaus Landsberg","og_description":"Wir veranstalten verschiedene Aktionen in der Innenstadt, die Menschen herausfordern sollen, \u00fcber die Kernbotschaft des christlichen Glaubens nachzudenken.\u00a0Bei unseren \u201cArtreach\u201d- Projekten verwenden wir Kunst um tiefe Wahrheiten zu kommunizieren. Bei anderen Projekten, wie dem Kreativgebet m\u00f6chten wir andere ermutigen, selbst kreativ t\u00e4tig zu werden. Denn eine Idee in die Tat umzusetzen ist zutiefst erf\u00fcllend und [&hellip;]","og_url":"https:\/\/tagundnachtll.de\/en\/artreach\/","og_site_name":"Gebetshaus Landsberg","article_modified_time":"2025-11-11T08:43:35+00:00","twitter_card":"summary_large_image","twitter_misc":{"Est. reading time":"5 minutes"},"schema":{"@context":"https:\/\/schema.org","@graph":[{"@type":"WebPage","@id":"https:\/\/tagundnachtll.de\/artreach\/","url":"https:\/\/tagundnachtll.de\/artreach\/","name":"Artreach - Gebetshaus Landsberg","isPartOf":{"@id":"http:\/\/tagundnachtll.de\/#website"},"datePublished":"2025-06-27T14:38:25+00:00","dateModified":"2025-11-11T08:43:35+00:00","breadcrumb":{"@id":"https:\/\/tagundnachtll.de\/artreach\/#breadcrumb"},"inLanguage":"en-US","potentialAction":[{"@type":"ReadAction","target":["https:\/\/tagundnachtll.de\/artreach\/"]}]},{"@type":"BreadcrumbList","@id":"https:\/\/tagundnachtll.de\/artreach\/#breadcrumb","itemListElement":[{"@type":"ListItem","position":1,"name":"Home","item":"https:\/\/tagundnachtll.de\/"},{"@type":"ListItem","position":2,"name":"Artreach"}]},{"@type":"WebSite","@id":"http:\/\/tagundnachtll.de\/#website","url":"http:\/\/tagundnachtll.de\/","name":"Gebetshaus Landsberg","description":"..","potentialAction":[{"@type":"SearchAction","target":{"@type":"EntryPoint","urlTemplate":"http:\/\/tagundnachtll.de\/?s={search_term_string}"},"query-input":{"@type":"PropertyValueSpecification","valueRequired":true,"valueName":"search_term_string"}}],"inLanguage":"en-US"}]}},"_links":{"self":[{"href":"https:\/\/tagundnachtll.de\/en\/wp-json\/wp\/v2\/pages\/860","targetHints":{"allow":["GET"]}}],"collection":[{"href":"https:\/\/tagundnachtll.de\/en\/wp-json\/wp\/v2\/pages"}],"about":[{"href":"https:\/\/tagundnachtll.de\/en\/wp-json\/wp\/v2\/types\/page"}],"author":[{"embeddable":true,"href":"https:\/\/tagundnachtll.de\/en\/wp-json\/wp\/v2\/users\/2"}],"replies":[{"embeddable":true,"href":"https:\/\/tagundnachtll.de\/en\/wp-json\/wp\/v2\/comments?post=860"}],"version-history":[{"count":5,"href":"https:\/\/tagundnachtll.de\/en\/wp-json\/wp\/v2\/pages\/860\/revisions"}],"predecessor-version":[{"id":993,"href":"https:\/\/tagundnachtll.de\/en\/wp-json\/wp\/v2\/pages\/860\/revisions\/993"}],"wp:attachment":[{"href":"https:\/\/tagundnachtll.de\/en\/wp-json\/wp\/v2\/media?parent=860"}],"curies":[{"name":"wp","href":"https:\/\/api.w.org\/{rel}","templated":true}]}}