{"id":907,"date":"2025-09-12T08:04:15","date_gmt":"2025-09-12T08:04:15","guid":{"rendered":"https:\/\/tagundnachtll.de\/?page_id=907"},"modified":"2025-09-28T07:50:40","modified_gmt":"2025-09-28T07:50:40","slug":"lange-kunstnacht","status":"publish","type":"page","link":"https:\/\/tagundnachtll.de\/en\/lange-kunstnacht\/","title":{"rendered":"Lange Kunstnacht"},"content":{"rendered":"<p>[et_pb_section fb_built=&#8220;1&#8243; _builder_version=&#8220;4.27.0&#8243; _module_preset=&#8220;default&#8220; background_enable_image=&#8220;off&#8220; global_colors_info=&#8220;{}&#8220;][et_pb_row _builder_version=&#8220;4.27.0&#8243; _module_preset=&#8220;default&#8220; global_colors_info=&#8220;{}&#8220;][et_pb_column type=&#8220;4_4&#8243; _builder_version=&#8220;4.27.0&#8243; _module_preset=&#8220;default&#8220; global_colors_info=&#8220;{}&#8220;][et_pb_image src=&#8220;https:\/\/tagundnachtll.de\/wp-content\/uploads\/2025\/09\/432a6434-86f6-400a-8fa9-2d6818b93345.avif&#8220; title_text=&#8220;432a6434-86f6-400a-8fa9-2d6818b93345&#8243; _builder_version=&#8220;4.27.0&#8243; _module_preset=&#8220;default&#8220; global_colors_info=&#8220;{}&#8220;][\/et_pb_image][et_pb_gallery gallery_ids=&#8220;966,967,968,969,970,971,972,973,974,975,976,977,978,979,981,919&#8243; _builder_version=&#8220;4.27.0&#8243; _module_preset=&#8220;default&#8220; global_colors_info=&#8220;{}&#8220;][\/et_pb_gallery][\/et_pb_column][\/et_pb_row][et_pb_row column_structure=&#8220;1_2,1_2&#8243; _builder_version=&#8220;4.27.0&#8243; _module_preset=&#8220;default&#8220; global_colors_info=&#8220;{}&#8220;][et_pb_column type=&#8220;1_2&#8243; _builder_version=&#8220;4.27.0&#8243; _module_preset=&#8220;default&#8220; global_colors_info=&#8220;{}&#8220;][et_pb_text _builder_version=&#8220;4.27.0&#8243; _module_preset=&#8220;default&#8220; inline_fonts=&#8220;Almendra,Abel&#8220; global_colors_info=&#8220;{}&#8220;]<\/p>\n<p style=\"text-align: center;\"><span style=\"font-size: x-large; font-family: Abel; font-weight: normal;\"><span style=\"font-size: xx-large;\">Vielen Dank<\/span><\/span><\/p>\n<p style=\"text-align: center;\"><span style=\"font-size: x-large; font-family: Abel; font-weight: normal;\"> an alle, die dazu beigetragen haben, dass wir das Projekt &#8222;Paradise Lost&#8220; bei der 25. langen Kunstnacht aufstellen konnten!<\/span><\/p>\n<p style=\"text-align: center;\"><span style=\"font-size: x-large; font-family: Abel; font-weight: normal;\">Ein besonderes Dankesch\u00f6n an die G\u00e4rtnerei Wiedemann, die uns ihre Pflanzen kostenlos zur Verf\u00fcgung gestellt haben.<\/span><\/p>\n<p>[\/et_pb_text][\/et_pb_column][et_pb_column type=&#8220;1_2&#8243; _builder_version=&#8220;4.27.0&#8243; _module_preset=&#8220;default&#8220; global_colors_info=&#8220;{}&#8220;][et_pb_image src=&#8220;https:\/\/tagundnachtll.de\/wp-content\/uploads\/2025\/09\/2021-12-22.webp&#8220; title_text=&#8220;2021-12-22&#8243; _builder_version=&#8220;4.27.0&#8243; _module_preset=&#8220;default&#8220; hover_enabled=&#8220;0&#8243; global_colors_info=&#8220;{}&#8220; url=&#8220;https:\/\/blumen-wiedemann.de\/gaertnerei-wiedemann\/&#8220; sticky_enabled=&#8220;0&#8243;][\/et_pb_image][\/et_pb_column][\/et_pb_row][et_pb_row _builder_version=&#8220;4.27.0&#8243; _module_preset=&#8220;default&#8220; column_structure=&#8220;1_2,1_2&#8243; background_color=&#8220;#8DD1CA&#8220; hover_enabled=&#8220;0&#8243; sticky_enabled=&#8220;0&#8243; module_alignment=&#8220;center&#8220;][et_pb_column _builder_version=&#8220;4.27.0&#8243; _module_preset=&#8220;default&#8220; type=&#8220;1_2&#8243;][et_pb_image src=&#8220;https:\/\/tagundnachtll.de\/wp-content\/uploads\/2025\/09\/WhatsApp-Image-2025-09-24-at-15.15.23_ebad7bd8.jpg&#8220; _builder_version=&#8220;4.27.0&#8243; _module_preset=&#8220;default&#8220; hover_enabled=&#8220;0&#8243; sticky_enabled=&#8220;0&#8243; title_text=&#8220;WhatsApp Image 2025-09-24 at 15.15.23_ebad7bd8&#8243; align=&#8220;center&#8220; custom_margin=&#8220;|||14px|false|false&#8220;][\/et_pb_image][\/et_pb_column][et_pb_column _builder_version=&#8220;4.27.0&#8243; _module_preset=&#8220;default&#8220; type=&#8220;1_2&#8243;][et_pb_text _builder_version=&#8220;4.27.0&#8243; _module_preset=&#8220;default&#8220; hover_enabled=&#8220;0&#8243; sticky_enabled=&#8220;0&#8243; custom_margin=&#8220;|35px|||false|false&#8220;]<\/p>\n<p style=\"text-align: center;\"><span style=\"font-size: xx-large;\"><strong>Aufl\u00f6sung des Steine-R\u00e4tsels<\/strong><\/span><\/p>\n<p style=\"text-align: center;\">Alle Steine zusammen haben<\/p>\n<p style=\"text-align: center;\"><span style=\"font-size: xx-large;\">37.8 kg<\/span><\/p>\n<p style=\"text-align: center;\">gewogen!<\/p>\n<p style=\"text-align: center;\">Jemand hat 38 getippt allerdings kein Kontakt gegeben. Somit freut sich Maria mit ihren tip von 33 kg<\/p>\n<p>[\/et_pb_text][\/et_pb_column][\/et_pb_row][et_pb_row column_structure=&#8220;1_2,1_2&#8243; _builder_version=&#8220;4.27.0&#8243; _module_preset=&#8220;default&#8220; global_colors_info=&#8220;{}&#8220;][et_pb_column type=&#8220;1_2&#8243; _builder_version=&#8220;4.27.0&#8243; _module_preset=&#8220;default&#8220; global_colors_info=&#8220;{}&#8220;][et_pb_image src=&#8220;https:\/\/tagundnachtll.de\/wp-content\/uploads\/2025\/09\/Screenshot-2025-09-13-081838.png&#8220; title_text=&#8220;Screenshot 2025-09-13 081838&#8243; _builder_version=&#8220;4.27.0&#8243; _module_preset=&#8220;default&#8220; global_colors_info=&#8220;{}&#8220;][\/et_pb_image][\/et_pb_column][et_pb_column type=&#8220;1_2&#8243; _builder_version=&#8220;4.27.0&#8243; _module_preset=&#8220;default&#8220; global_colors_info=&#8220;{}&#8220;][et_pb_text _builder_version=&#8220;4.27.0&#8243; _module_preset=&#8220;default&#8220; global_colors_info=&#8220;{}&#8220;]<\/p>\n<p><strong>KUNSTPROJEKT \u201cPARADISE LOST\u201d<\/strong><br \/>Das Kunstprojekt ist eine begehbare Installation, in der der Zuschauer an<br \/>einen paradiesischen Ort versetzt wird. Dabei geht es darum, die menschliche<br \/>Sehnsucht nach einem Ort des Friedens und der Sch\u00f6nheit anzusprechen und<br \/>Gedanken dazu anzuregen, wie dieser Ort Wirklichkeit werden k\u00f6nnte. Diese<br \/>Gedanken k\u00f6nnen dann in einem G\u00e4stebuch anonym festgehalten werden.<br \/>Praktisch wird dies so umgesetzt, dass ein Zelt im Inneren mit verschiedenen<br \/>k\u00fcnstlerischen Elementen gestaltet wird. Granat\u00e4pfel, Pflanzen und kleine<br \/>Br\u00fcnnlein, aber auch Gem\u00e4lde und eventuell Holzschnitzereien. Dazu soll es<br \/>ein Ort sein, an dem Musikst\u00fccke und Poesie zum Thema abgespielt, aber<br \/>auch immer wieder \u00fcber den Abend hinweg als live Performance dargeboten<br \/>werden. Die Au\u00dfenwand ist mit Kunstwerken zum Thema Tod und Zerst\u00f6rung<br \/>gestaltet. Sowohl Freude, als auch Leid sind Teil unserer Lebensrealit\u00e4t. Die<br \/>Herausforderung ist es, in all dem Frieden zu finden und Frieden zu leben.<\/p>\n<p>[\/et_pb_text][et_pb_button button_url=&#8220;https:\/\/storage.e.jimdo.com\/file\/2c85c869-2405-4db9-847f-25320c4b5d8b\/LKN25_broschuere_ONLINE.pdf&#8220; url_new_window=&#8220;on&#8220; button_text=&#8220;Brosch\u00fcre zur Langen Kunstnacht&#8220; button_alignment=&#8220;center&#8220; _builder_version=&#8220;4.27.0&#8243; _module_preset=&#8220;default&#8220; global_colors_info=&#8220;{}&#8220;][\/et_pb_button][\/et_pb_column][\/et_pb_row][et_pb_row _builder_version=&#8220;4.27.0&#8243; _module_preset=&#8220;default&#8220; global_colors_info=&#8220;{}&#8220;][et_pb_column type=&#8220;4_4&#8243; _builder_version=&#8220;4.27.0&#8243; _module_preset=&#8220;default&#8220; global_colors_info=&#8220;{}&#8220;][et_pb_text _builder_version=&#8220;4.27.0&#8243; _module_preset=&#8220;default&#8220; inline_fonts=&#8220;Amarante&#8220; global_colors_info=&#8220;{}&#8220;]<\/p>\n<p style=\"text-align: center;\"><span style=\"font-size: xx-large; font-family: Amarante; font-weight: normal; color: #026a54;\">Paradise Lost<\/span><strong><\/strong><\/p>\n<p style=\"text-align: center;\"><strong>Wir haben als Menschheit den<\/strong><\/p>\n<p style=\"text-align: center;\"><strong>Ort des Friedens verloren.<\/strong><\/p>\n<p style=\"text-align: center;\"><strong>Doch wie finden wir ihn wieder?<\/strong><\/p>\n<p style=\"text-align: center;\"><span style=\"font-weight: 400;\"><\/span><\/p>\n<p style=\"text-align: center;\">Tief in uns schlummert die Ahnung, dass dieser Ort des Friedens keine Utopie sein kann, sondern einst, vor fernen Zeiten, Realit\u00e4t war.<\/p>\n<p style=\"text-align: center;\">Und vielleicht wieder sein kann.<span style=\"font-weight: 400;\"><\/span><\/p>\n<p style=\"text-align: center;\"><span style=\"font-weight: 400;\"><\/span><\/p>\n<p style=\"text-align: center;\">\n<p style=\"text-align: center;\">Alles kreative Schaffen ist ein Ausdruck der Sehnsucht nach diesem Ort.<\/p>\n<p style=\"text-align: center;\">Ein Ort, an dem es Frieden, Sicherheit, Schutz, Versorgung, Freude und ein \u00dcberfluss an Liebe gibt.<span style=\"font-weight: 400;\"><\/span><\/p>\n<p style=\"text-align: center;\">Wir ringen t\u00e4glich mit der Realit\u00e4t, dass es uns Anstrengung kostet, unser Leben so zu gestalten, dass es diesem Ort \u00e4hnelt.<\/p>\n<p style=\"text-align: center;\">M\u00fcssen wir uns einfach noch etwas mehr anstrengen?<\/p>\n<p style=\"text-align: center;\">Bessere Politiker w\u00e4hlen?<\/p>\n<p style=\"text-align: center;\">Bessere Strukturen implementieren?<\/p>\n<p style=\"text-align: center;\">H\u00e4rter arbeiten?<\/p>\n<p style=\"text-align: center;\">Uns von allen Regeln und Gesetzen befreien?<\/p>\n<p style=\"text-align: center;\">Reiche enteignen und alles gleich verteilen?<\/p>\n<p style=\"text-align: center;\">Empathischer sein?<\/p>\n<p style=\"text-align: center;\">\n<p style=\"text-align: center;\"><strong>Was muss sich \u00e4ndern?<\/strong><\/p>\n<p style=\"text-align: center;\">\n<p style=\"text-align: center;\"><span style=\"font-weight: 400;\"><\/span><\/p>\n<p>[\/et_pb_text][et_pb_text _builder_version=&#8220;4.27.0&#8243; _module_preset=&#8220;default&#8220; hover_enabled=&#8220;0&#8243; global_colors_info=&#8220;{}&#8220; sticky_enabled=&#8220;0&#8243;]<\/p>\n<p style=\"text-align: center;\"><span style=\"font-size: large; color: #870000;\"><strong>K\u00fcnstler und der Kunstwerke, die in der Installation ausgestellt waren:<\/strong><\/span><\/p>\n<p>[\/et_pb_text][\/et_pb_column][\/et_pb_row][et_pb_row _builder_version=&#8220;4.27.0&#8243; _module_preset=&#8220;default&#8220; column_structure=&#8220;1_2,1_2&#8243;][et_pb_column _builder_version=&#8220;4.27.0&#8243; _module_preset=&#8220;default&#8220; type=&#8220;1_2&#8243;][et_pb_text _builder_version=&#8220;4.27.0&#8243; _module_preset=&#8220;default&#8220; hover_enabled=&#8220;0&#8243; sticky_enabled=&#8220;0&#8243;]<\/p>\n<p><b>Raphael Braun:<\/b><\/p>\n<p><span style=\"font-weight: 400;\">\u201cPoisons\u201d<\/span><\/p>\n<p><span style=\"font-weight: 400;\">\u201cFertilizer\u201d<\/span><\/p>\n<p><span style=\"font-weight: 400;\">\u201cAttitudes\u201d<\/span><\/p>\n<p><span style=\"font-weight: 400;\">\u201cFragrance\u201d<\/span><\/p>\n<p><span style=\"font-weight: 400;\">\u201cF\u00fcr Dich\u201d<\/span><\/p>\n<p><span style=\"font-weight: 400;\">\u201cIch brauch dich nicht\u201d<\/span><\/p>\n<p><span style=\"font-weight: 400;\">\u201cDenk an mich\u201d<\/span><\/p>\n<p><span style=\"font-weight: 400;\">\u201cIch bin da\u201d<\/span><\/p>\n<p><span style=\"font-weight: 400;\">\u201cVersteinerung\u201d<\/span><\/p>\n<p><span style=\"font-weight: 400;\">\u201cNeues Leben\u201d<\/span><\/p>\n<p>&nbsp;<\/p>\n<p><b>Taylor Braun:<\/b><\/p>\n<p><span style=\"font-weight: 400;\">\u201cPeace and comfort from above\u201d<\/span><\/p>\n<p><span style=\"font-weight: 400;\">\u201cQuiet assurance\u201d<\/span><\/p>\n<p><span style=\"font-weight: 400;\">\u201cPeace in action\u201d<\/span><\/p>\n<p><span style=\"font-weight: 400;\">\u201cGilded season\u201d<\/span><\/p>\n<p><span style=\"font-weight: 400;\">&#8222;A sign of hope\u201d<\/span><\/p>\n<p>[\/et_pb_text][\/et_pb_column][et_pb_column _builder_version=&#8220;4.27.0&#8243; _module_preset=&#8220;default&#8220; type=&#8220;1_2&#8243;][et_pb_text _builder_version=&#8220;4.27.0&#8243; _module_preset=&#8220;default&#8220; hover_enabled=&#8220;0&#8243; sticky_enabled=&#8220;0&#8243;]<\/p>\n<p><b>Chrissie Ha\u00df:<\/b><\/p>\n<p><span style=\"font-weight: 400;\">\u201cAm Anfang war das Wort\u201d<\/span><\/p>\n<p>&nbsp;<\/p>\n<p><b>Benjamin Schm\u00e4hl:<\/b><\/p>\n<p><span style=\"font-weight: 400;\">\u201cFreely given\u201d<\/span><\/p>\n<p>&nbsp;<\/p>\n<p><b>Darion Berg:<\/b><\/p>\n<p><span style=\"font-weight: 400;\">\u201cYpres 1917\u201d nach \u201cchateau wood\u201d von Frank Hurley<\/span><\/p>\n<p>&nbsp;<\/p>\n<p><b>Kamille Schm\u00e4hl:<\/b><\/p>\n<p><span style=\"font-weight: 400;\">\u201cGrief\u201d nach \u201cThe dead Christ\u201d von Andrea Mantegna<\/span><\/p>\n<p>&nbsp;<\/p>\n<p><b>Susanne Kalscheid:<\/b><\/p>\n<p><span style=\"font-weight: 400;\">\u201cSei stark und Mutig\u201d<\/span><\/p>\n<p>&nbsp;<\/p>\n<p><b>Giulia Steiert mit <\/b><a href=\"https:\/\/giulias-art.de\/das-mobile-atelier\/\"><b>das-mobile-atelier.de<\/b><\/a><\/p>\n<p><b>und Vroni, Daniela, Elmar, Uschi, Brigitte, Andreas, Fabienne, Sieglinde, Mette, Bo, Abbie, Ezekiel<\/b><b><br \/><\/b><span style=\"font-weight: 400;\">\u201cSteine der Dankbarkeit\u201d<\/span><\/p>\n<p>[\/et_pb_text][\/et_pb_column][\/et_pb_row][et_pb_row column_structure=&#8220;1_2,1_2&#8243; _builder_version=&#8220;4.27.0&#8243; _module_preset=&#8220;default&#8220; global_colors_info=&#8220;{}&#8220;][et_pb_column type=&#8220;1_2&#8243; _builder_version=&#8220;4.27.0&#8243; _module_preset=&#8220;default&#8220; global_colors_info=&#8220;{}&#8220;][et_pb_image src=&#8220;https:\/\/tagundnachtll.de\/wp-content\/uploads\/2025\/09\/IMG-20250809-WA0003.jpg&#8220; title_text=&#8220;IMG-20250809-WA0003&#8243; _builder_version=&#8220;4.27.0&#8243; _module_preset=&#8220;default&#8220; global_colors_info=&#8220;{}&#8220;][\/et_pb_image][\/et_pb_column][et_pb_column type=&#8220;1_2&#8243; _builder_version=&#8220;4.27.0&#8243; _module_preset=&#8220;default&#8220; global_colors_info=&#8220;{}&#8220;][et_pb_button button_url=&#8220;https:\/\/giulias-art.de\/&#8220; button_text=&#8220;In Zusammenarbeit mit %22Giulias Art%22 &#8211; mehr Infos dazu hier&#8220; button_alignment=&#8220;center&#8220; _builder_version=&#8220;4.27.0&#8243; _module_preset=&#8220;default&#8220; global_colors_info=&#8220;{}&#8220;][\/et_pb_button][\/et_pb_column][\/et_pb_row][et_pb_row _builder_version=&#8220;4.17.4&#8243; _module_preset=&#8220;default&#8220; width=&#8220;34%&#8220; module_alignment=&#8220;center&#8220; custom_margin=&#8220;|360px||626px||&#8220; custom_padding=&#8220;30px|||||&#8220; locked=&#8220;off&#8220; global_colors_info=&#8220;{}&#8220;][et_pb_column type=&#8220;4_4&#8243; _builder_version=&#8220;4.17.4&#8243; _module_preset=&#8220;default&#8220; global_colors_info=&#8220;{}&#8220;][et_pb_text _builder_version=&#8220;4.19.2&#8243; _module_preset=&#8220;default&#8220; global_colors_info=&#8220;{}&#8220;]<\/p>\n<h1><strong>KONTAKT<\/strong><\/h1>\n<p>[\/et_pb_text][et_pb_text _builder_version=&#8220;4.19.2&#8243; _module_preset=&#8220;default&#8220; custom_padding=&#8220;39px|||||&#8220; global_colors_info=&#8220;{}&#8220;]<\/p>\n<p>Nehmen Sie gerne Kontakt mit uns auf.<\/p>\n<p>Wir freuen uns \u00fcber ihre Nachricht!<\/p>\n<p>[\/et_pb_text][et_pb_text _builder_version=&#8220;4.19.2&#8243; _module_preset=&#8220;default&#8220; global_colors_info=&#8220;{}&#8220;]<\/p>\n<p>\u200b<\/p>\n<p>Kontakt TagundnachLL e.V.: <a href=\"mailto:Info@tagundnachtll.de\">Info@tagundnachtll.de<\/a><\/p>\n<p>Kontakt Gebetshaus: <a href=\"mailto:Info@gebetshauslandsberg.com\">Info@gebetshauslandsberg.com<\/a><\/p>\n<p>Kontakt Kaffeewagen\/ Wholly Ground: <a href=\"mailto:info@whollyground.de\">info@whollyground.de<\/a><\/p>\n<p>Kontakt Artreach: <span style=\"color: #cc1c4b;\">artreach@tagundnachtll.de<\/span><\/p>\n<p>&nbsp;<\/p>\n<p>[\/et_pb_text][\/et_pb_column][\/et_pb_row][\/et_pb_section]<\/p>\n","protected":false},"excerpt":{"rendered":"<p>Vielen Dank an alle, die dazu beigetragen haben, dass wir das Projekt &#8222;Paradise Lost&#8220; bei der 25. langen Kunstnacht aufstellen konnten! Ein besonderes Dankesch\u00f6n an die G\u00e4rtnerei Wiedemann, die uns ihre Pflanzen kostenlos zur Verf\u00fcgung gestellt haben.Aufl\u00f6sung des Steine-R\u00e4tsels Alle Steine zusammen haben 37.8 kg gewogen! Jemand hat 38 getippt allerdings kein Kontakt gegeben. Somit [&hellip;]<\/p>\n","protected":false},"author":2,"featured_media":0,"parent":0,"menu_order":0,"comment_status":"closed","ping_status":"closed","template":"","meta":{"_et_pb_use_builder":"on","_et_pb_old_content":"","_et_gb_content_width":"","footnotes":""},"class_list":["post-907","page","type-page","status-publish","hentry"],"yoast_head":"<!-- This site is optimized with the Yoast SEO plugin v27.4 - https:\/\/yoast.com\/product\/yoast-seo-wordpress\/ -->\n<title>Lange Kunstnacht - Gebetshaus Landsberg<\/title>\n<meta name=\"robots\" content=\"index, follow, max-snippet:-1, max-image-preview:large, max-video-preview:-1\" \/>\n<link rel=\"canonical\" href=\"https:\/\/tagundnachtll.de\/en\/lange-kunstnacht\/\" \/>\n<meta property=\"og:locale\" content=\"en_US\" \/>\n<meta property=\"og:type\" content=\"article\" \/>\n<meta property=\"og:title\" content=\"Lange Kunstnacht - Gebetshaus Landsberg\" \/>\n<meta property=\"og:description\" content=\"Vielen Dank an alle, die dazu beigetragen haben, dass wir das Projekt &quot;Paradise Lost&quot; bei der 25. langen Kunstnacht aufstellen konnten! Ein besonderes Dankesch\u00f6n an die G\u00e4rtnerei Wiedemann, die uns ihre Pflanzen kostenlos zur Verf\u00fcgung gestellt haben.Aufl\u00f6sung des Steine-R\u00e4tsels Alle Steine zusammen haben 37.8 kg gewogen! Jemand hat 38 getippt allerdings kein Kontakt gegeben. Somit [&hellip;]\" \/>\n<meta property=\"og:url\" content=\"https:\/\/tagundnachtll.de\/en\/lange-kunstnacht\/\" \/>\n<meta property=\"og:site_name\" content=\"Gebetshaus Landsberg\" \/>\n<meta property=\"article:modified_time\" content=\"2025-09-28T07:50:40+00:00\" \/>\n<meta name=\"twitter:card\" content=\"summary_large_image\" \/>\n<meta name=\"twitter:label1\" content=\"Est. reading time\" \/>\n\t<meta name=\"twitter:data1\" content=\"3 minutes\" \/>\n<script type=\"application\/ld+json\" class=\"yoast-schema-graph\">{\"@context\":\"https:\\\/\\\/schema.org\",\"@graph\":[{\"@type\":\"WebPage\",\"@id\":\"https:\\\/\\\/tagundnachtll.de\\\/lange-kunstnacht\\\/\",\"url\":\"https:\\\/\\\/tagundnachtll.de\\\/lange-kunstnacht\\\/\",\"name\":\"Lange Kunstnacht - Gebetshaus Landsberg\",\"isPartOf\":{\"@id\":\"http:\\\/\\\/tagundnachtll.de\\\/#website\"},\"datePublished\":\"2025-09-12T08:04:15+00:00\",\"dateModified\":\"2025-09-28T07:50:40+00:00\",\"breadcrumb\":{\"@id\":\"https:\\\/\\\/tagundnachtll.de\\\/lange-kunstnacht\\\/#breadcrumb\"},\"inLanguage\":\"en-US\",\"potentialAction\":[{\"@type\":\"ReadAction\",\"target\":[\"https:\\\/\\\/tagundnachtll.de\\\/lange-kunstnacht\\\/\"]}]},{\"@type\":\"BreadcrumbList\",\"@id\":\"https:\\\/\\\/tagundnachtll.de\\\/lange-kunstnacht\\\/#breadcrumb\",\"itemListElement\":[{\"@type\":\"ListItem\",\"position\":1,\"name\":\"Home\",\"item\":\"https:\\\/\\\/tagundnachtll.de\\\/\"},{\"@type\":\"ListItem\",\"position\":2,\"name\":\"Lange Kunstnacht\"}]},{\"@type\":\"WebSite\",\"@id\":\"http:\\\/\\\/tagundnachtll.de\\\/#website\",\"url\":\"http:\\\/\\\/tagundnachtll.de\\\/\",\"name\":\"Gebetshaus Landsberg\",\"description\":\"..\",\"potentialAction\":[{\"@type\":\"SearchAction\",\"target\":{\"@type\":\"EntryPoint\",\"urlTemplate\":\"http:\\\/\\\/tagundnachtll.de\\\/?s={search_term_string}\"},\"query-input\":{\"@type\":\"PropertyValueSpecification\",\"valueRequired\":true,\"valueName\":\"search_term_string\"}}],\"inLanguage\":\"en-US\"}]}<\/script>\n<!-- \/ Yoast SEO plugin. -->","yoast_head_json":{"title":"Lange Kunstnacht - Gebetshaus Landsberg","robots":{"index":"index","follow":"follow","max-snippet":"max-snippet:-1","max-image-preview":"max-image-preview:large","max-video-preview":"max-video-preview:-1"},"canonical":"https:\/\/tagundnachtll.de\/en\/lange-kunstnacht\/","og_locale":"en_US","og_type":"article","og_title":"Lange Kunstnacht - Gebetshaus Landsberg","og_description":"Vielen Dank an alle, die dazu beigetragen haben, dass wir das Projekt \"Paradise Lost\" bei der 25. langen Kunstnacht aufstellen konnten! Ein besonderes Dankesch\u00f6n an die G\u00e4rtnerei Wiedemann, die uns ihre Pflanzen kostenlos zur Verf\u00fcgung gestellt haben.Aufl\u00f6sung des Steine-R\u00e4tsels Alle Steine zusammen haben 37.8 kg gewogen! Jemand hat 38 getippt allerdings kein Kontakt gegeben. Somit [&hellip;]","og_url":"https:\/\/tagundnachtll.de\/en\/lange-kunstnacht\/","og_site_name":"Gebetshaus Landsberg","article_modified_time":"2025-09-28T07:50:40+00:00","twitter_card":"summary_large_image","twitter_misc":{"Est. reading time":"3 minutes"},"schema":{"@context":"https:\/\/schema.org","@graph":[{"@type":"WebPage","@id":"https:\/\/tagundnachtll.de\/lange-kunstnacht\/","url":"https:\/\/tagundnachtll.de\/lange-kunstnacht\/","name":"Lange Kunstnacht - Gebetshaus Landsberg","isPartOf":{"@id":"http:\/\/tagundnachtll.de\/#website"},"datePublished":"2025-09-12T08:04:15+00:00","dateModified":"2025-09-28T07:50:40+00:00","breadcrumb":{"@id":"https:\/\/tagundnachtll.de\/lange-kunstnacht\/#breadcrumb"},"inLanguage":"en-US","potentialAction":[{"@type":"ReadAction","target":["https:\/\/tagundnachtll.de\/lange-kunstnacht\/"]}]},{"@type":"BreadcrumbList","@id":"https:\/\/tagundnachtll.de\/lange-kunstnacht\/#breadcrumb","itemListElement":[{"@type":"ListItem","position":1,"name":"Home","item":"https:\/\/tagundnachtll.de\/"},{"@type":"ListItem","position":2,"name":"Lange Kunstnacht"}]},{"@type":"WebSite","@id":"http:\/\/tagundnachtll.de\/#website","url":"http:\/\/tagundnachtll.de\/","name":"Gebetshaus Landsberg","description":"..","potentialAction":[{"@type":"SearchAction","target":{"@type":"EntryPoint","urlTemplate":"http:\/\/tagundnachtll.de\/?s={search_term_string}"},"query-input":{"@type":"PropertyValueSpecification","valueRequired":true,"valueName":"search_term_string"}}],"inLanguage":"en-US"}]}},"_links":{"self":[{"href":"https:\/\/tagundnachtll.de\/en\/wp-json\/wp\/v2\/pages\/907","targetHints":{"allow":["GET"]}}],"collection":[{"href":"https:\/\/tagundnachtll.de\/en\/wp-json\/wp\/v2\/pages"}],"about":[{"href":"https:\/\/tagundnachtll.de\/en\/wp-json\/wp\/v2\/types\/page"}],"author":[{"embeddable":true,"href":"https:\/\/tagundnachtll.de\/en\/wp-json\/wp\/v2\/users\/2"}],"replies":[{"embeddable":true,"href":"https:\/\/tagundnachtll.de\/en\/wp-json\/wp\/v2\/comments?post=907"}],"version-history":[{"count":5,"href":"https:\/\/tagundnachtll.de\/en\/wp-json\/wp\/v2\/pages\/907\/revisions"}],"predecessor-version":[{"id":991,"href":"https:\/\/tagundnachtll.de\/en\/wp-json\/wp\/v2\/pages\/907\/revisions\/991"}],"wp:attachment":[{"href":"https:\/\/tagundnachtll.de\/en\/wp-json\/wp\/v2\/media?parent=907"}],"curies":[{"name":"wp","href":"https:\/\/api.w.org\/{rel}","templated":true}]}}